{"id":27,"date":"2022-08-10T11:57:19","date_gmt":"2022-08-10T09:57:19","guid":{"rendered":"https:\/\/dasausbildung.de\/?page_id=27"},"modified":"2026-01-26T21:37:57","modified_gmt":"2026-01-26T20:37:57","slug":"ausbildungen","status":"publish","type":"page","link":"https:\/\/dasausbildung.de\/en\/ausbildungen\/","title":{"rendered":"Training"},"content":{"rendered":"<div class=\"wp-block-columns alignwide is-layout-flex wp-container-core-columns-is-layout-28f84493 wp-block-columns-is-layout-flex\">\n<div class=\"wp-block-column is-layout-flow wp-block-column-is-layout-flow\" style=\"flex-basis:33.38%\">\n<p style=\"font-size:clamp(0.875rem, 0.875rem + ((1vw - 0.2rem) * 0.773), 1.3rem);\">Jeder Block ist separat buchbar. <\/p>\n\n\n\n<pre class=\"wp-block-verse has-text-align-center has-tertiary-secondary-primary-fixed-gradient-background has-background has-medium-font-size\" style=\"border-width:2px;font-style:normal;font-weight:100\">Masterclass <\/pre>\n\n\n\n<pre class=\"wp-block-verse has-text-align-center has-primary-secondary-tertiary-gradient-background has-background has-medium-font-size\" style=\"border-width:2px;font-style:normal;font-weight:100\"><a href=\"https:\/\/dasausbildung.de\/en\/ta-training\/\" data-type=\"link\" data-id=\"https:\/\/dasausbildung.de\/ta-training\/\">Level 3: TA counsellor (2-3 years)<\/a><\/pre>\n\n\n\n<pre class=\"wp-block-verse has-text-align-center has-tertiary-secondary-primary-fixed-gradient-background has-background has-medium-font-size\" style=\"border-width:2px;font-style:normal;font-weight:100\"><a href=\"https:\/\/dasausbildung.de\/en\/foundation-year\/\" data-type=\"link\" data-id=\"https:\/\/dasausbildung.de\/foundation-year\/\">Level 2: Foundation Year (1 year)<\/a><\/pre>\n\n\n\n<pre class=\"wp-block-verse has-text-align-center has-primary-secondary-tertiary-gradient-background has-background has-medium-font-size\" style=\"border-width:2px;font-style:normal;font-weight:100\"><a href=\"https:\/\/dasausbildung.de\/en\/einfuehrungskurs\/\" data-type=\"link\" data-id=\"https:\/\/dasausbildung.de\/einfuehrungskurs\/\">Level 1: Introductory course (TA 101, 2 days)<\/a><\/pre>\n\n\n\n<p>If after TA 101 you think something like<em> \u2018I want to apply this in my job!\u2019<\/em>, you continue with the Foundation Year. After that you might be satisfied (for now) or want to go deeper and learn how to counsel with TA. After about 2 years, you can graduate as a TA consultant (only possible in Germany) and\/or go for the international \u2018Certified Transactional Analyst (CTA)\u2019 certificate.<\/p>\n\n\n\n<p style=\"font-size:clamp(0.875rem, 0.875rem + ((1vw - 0.2rem) * 0.773), 1.3rem);\">The training room<\/p>\n\n\n\n<p>This is where you will be (or on the adjoining terrace :)) In addition, there are three rooms for small groups and breaks.<\/p>\n\n\n\n<figure class=\"wp-block-image size-large\"><img loading=\"lazy\" decoding=\"async\" width=\"1024\" height=\"768\" src=\"https:\/\/dasausbildung.de\/wp-content\/uploads\/2024\/04\/IMG_2528-1024x768.jpg\" alt=\"\" class=\"wp-image-450\" srcset=\"https:\/\/dasausbildung.de\/wp-content\/uploads\/2024\/04\/IMG_2528-1024x768.jpg 1024w, https:\/\/dasausbildung.de\/wp-content\/uploads\/2024\/04\/IMG_2528-300x225.jpg 300w, https:\/\/dasausbildung.de\/wp-content\/uploads\/2024\/04\/IMG_2528-768x576.jpg 768w, https:\/\/dasausbildung.de\/wp-content\/uploads\/2024\/04\/IMG_2528-1536x1152.jpg 1536w, https:\/\/dasausbildung.de\/wp-content\/uploads\/2024\/04\/IMG_2528.jpg 2016w\" sizes=\"auto, (max-width: 1024px) 100vw, 1024px\" \/><\/figure>\n\n\n\n<figure class=\"wp-block-image size-large\"><img loading=\"lazy\" decoding=\"async\" width=\"1024\" height=\"768\" src=\"https:\/\/dasausbildung.de\/wp-content\/uploads\/2024\/04\/IMG_2529-1-1024x768.jpg\" alt=\"\" class=\"wp-image-452\" srcset=\"https:\/\/dasausbildung.de\/wp-content\/uploads\/2024\/04\/IMG_2529-1-1024x768.jpg 1024w, https:\/\/dasausbildung.de\/wp-content\/uploads\/2024\/04\/IMG_2529-1-300x225.jpg 300w, https:\/\/dasausbildung.de\/wp-content\/uploads\/2024\/04\/IMG_2529-1-768x576.jpg 768w, https:\/\/dasausbildung.de\/wp-content\/uploads\/2024\/04\/IMG_2529-1-1536x1152.jpg 1536w, https:\/\/dasausbildung.de\/wp-content\/uploads\/2024\/04\/IMG_2529-1.jpg 2016w\" sizes=\"auto, (max-width: 1024px) 100vw, 1024px\" \/><\/figure>\n<\/div>\n\n\n\n<div class=\"wp-block-column is-layout-flow wp-block-column-is-layout-flow\" style=\"flex-basis:33%\">\n<p style=\"font-size:clamp(0.875rem, 0.875rem + ((1vw - 0.2rem) * 0.773), 1.3rem);\">Do I have to do the Foundation Year before I start with the TA training?<\/p>\n\n\n\n<p>Not necessarily. But it makes sense to do the Foundation Year before the counselling training. Let's have a chat to find out whether you can start the TA training straight away.<\/p>\n\n\n\n<p style=\"font-size:clamp(0.875rem, 0.875rem + ((1vw - 0.2rem) * 0.773), 1.3rem);\">Analogue and digital - how it fits best<\/p>\n\n\n\n<p>The theory inputs for the TA training are online because this is perfect for presentations. In the face-to-face trainings, on the other hand, there should be no equipment between us - the focus here is on our personal encounter.<\/p>\n\n\n\n<p style=\"font-size:clamp(0.875rem, 0.875rem + ((1vw - 0.2rem) * 0.773), 1.3rem);\">I take ethics seriously<\/p>\n\n\n\n<p>Meine&nbsp;Weiterbildung orientiert sich an den hohen Qualit\u00e4tsstandards der Deutschen und Europ\u00e4ischen Gesellschaft f\u00fcr Transaktionsanalyse (DGTA, EATA).<\/p>\n\n\n\n<p>For nearly 50 years, the DGTA has been a renowned association with <a rel=\"noreferrer noopener\" href=\"https:\/\/dgta.de\/ethik\/\" target=\"_blank\">ethical guidelines<\/a> for counsellors, therapists, organisational consultants and professionals in the field of education.<\/p>\n\n\n\n<figure class=\"wp-block-pullquote is-style-plain has-large-font-size\" style=\"font-style:normal;font-weight:200\"><blockquote><p>\u2018The 101 made me realise that TA really works!\u2019<\/p><\/blockquote><\/figure>\n\n\n\n<p><a href=\"https:\/\/dasausbildung.de\/wp-content\/uploads\/2025\/11\/251100-AGBs.pdf\" target=\"_blank\" rel=\"noreferrer noopener\">ALLGEMEINE GESCH\u00c4FTSBEDINGUNGEN<\/a><\/p>\n<\/div>\n\n\n\n<div class=\"wp-block-column is-layout-flow wp-block-column-is-layout-flow\" style=\"flex-basis:33.62%\">\n<p style=\"font-size:clamp(0.875rem, 0.875rem + ((1vw - 0.2rem) * 0.773), 1.3rem);\">Einf\u00fchrung in die Transaktionsanalyse (TA 101) <\/p>\n\n\n\n<p><strong>Hast du dich schon mal gefragt, warum du tust, was du tust, denkst, wie du denkst, oder f\u00fchlst, wie du f\u00fchlst? Dann ist der TA 101 genau richtig!<\/strong><br><br>Dich erwartet eine Mischung aus Theorie und praktischer Anwendung sowie bereichernder Austausch in einer Gruppe von Menschen, die so neugierig sind wie du. Der TA 101 ist perfekt f\u00fcr deine pers\u00f6nliche Weiterentwicklung \u2013 und vielleicht sogar f\u00fcr eine Ver\u00e4nderung, die du dir schon lange w\u00fcnschst \u2026 <br>Im Anschluss erh\u00e4ltst du ein international anerkanntes TA 101-Zertifikat.<\/p>\n\n\n\n<p><strong>Termine<\/strong> 20.\/21. M\u00e4rz 2026<br><strong>Time:<\/strong> Fr 14 -19 pm \/ Sa 9 am \u2013 19 pm <br><strong>Costs:<\/strong> (each + 19% VAT)<br>Fr\u00fchbucherpreis bis 31.12.25 \u20ac 300<br>Normalpreis \u20ac 340<br>Low earners\/students \u20ac 175<\/p>\n\n\n\n<div class=\"wp-block-buttons is-layout-flex wp-block-buttons-is-layout-flex\">\n<div class=\"wp-block-button has-custom-width wp-block-button__width-75\"><a class=\"wp-block-button__link has-black-color has-primary-secondary-tertiary-gradient-background has-text-color has-background has-small-font-size has-custom-font-size wp-element-button\" href=\"https:\/\/dasacoaching.simplybook.it\/v2\/\" target=\"_blank\" rel=\"noreferrer noopener\">Book online<\/a><\/div>\n<\/div>\n<\/div>\n<\/div>","protected":false},"excerpt":{"rendered":"<p>Jeder Block ist separat buchbar. Masterclass TA-Training zur TA-Berater*in (2-3 Jahre) Foundation Year (1 Jahr) Einf\u00fchrungskurs TA 101 (2 Tage) Wenn du nach dem TA 101 so etwas denkst wie \u00bbDas m\u00f6chte ich in meinem Beruf anwenden!\u00ab, machst du mit dem Foundation Year weiter. Danach bist du vielleicht (erstmal) satt oder willst tiefer einsteigen und [&hellip;]<\/p>\n","protected":false},"author":2,"featured_media":0,"parent":0,"menu_order":0,"comment_status":"closed","ping_status":"closed","template":"","meta":{"footnotes":""},"class_list":["post-27","page","type-page","status-publish","hentry"],"_links":{"self":[{"href":"https:\/\/dasausbildung.de\/en\/wp-json\/wp\/v2\/pages\/27","targetHints":{"allow":["GET"]}}],"collection":[{"href":"https:\/\/dasausbildung.de\/en\/wp-json\/wp\/v2\/pages"}],"about":[{"href":"https:\/\/dasausbildung.de\/en\/wp-json\/wp\/v2\/types\/page"}],"author":[{"embeddable":true,"href":"https:\/\/dasausbildung.de\/en\/wp-json\/wp\/v2\/users\/2"}],"replies":[{"embeddable":true,"href":"https:\/\/dasausbildung.de\/en\/wp-json\/wp\/v2\/comments?post=27"}],"version-history":[{"count":0,"href":"https:\/\/dasausbildung.de\/en\/wp-json\/wp\/v2\/pages\/27\/revisions"}],"wp:attachment":[{"href":"https:\/\/dasausbildung.de\/en\/wp-json\/wp\/v2\/media?parent=27"}],"curies":[{"name":"wp","href":"https:\/\/api.w.org\/{rel}","templated":true}]}}